{"id":189,"date":"2025-03-08T08:52:29","date_gmt":"2025-03-08T08:52:29","guid":{"rendered":"https:\/\/blog.whitebracelet.hu\/?page_id=2"},"modified":"2025-12-05T11:00:37","modified_gmt":"2025-12-05T11:00:37","slug":"fooldal","status":"publish","type":"page","link":"https:\/\/zarandokuton.hu\/","title":{"rendered":"&#8222;\u00c9n vagyok&#8230;&#8221;"},"content":{"rendered":"\n<h2 class=\"wp-block-heading has-text-align-center has-xx-large-font-size\">Kicsoda J\u00e9zus?<\/h2>\n\n\n\n<div class=\"wp-block-group is-vertical is-content-justification-center is-layout-flex wp-container-core-group-is-layout-ce155fab wp-block-group-is-layout-flex\">\n<p class=\"has-text-align-center\" style=\"margin-top:var(--wp--preset--spacing--50);margin-bottom:0\">\u0150 azt mondja mag\u00e1r\u00f3l:<\/p>\n\n\n<h1 style=\"margin-top:0;margin-bottom:0;\" class=\"wp-block-post-title\">&#8222;\u00c9n vagyok&#8230;&#8221;<\/h1>\n\n\n<p><\/p>\n<\/div>\n\n\n\n<div class=\"wp-block-group alignwide is-content-justification-center is-layout-flex wp-container-core-group-is-layout-2d413114 wp-block-group-is-layout-flex\" style=\"margin-top:var(--wp--preset--spacing--40);margin-bottom:var(--wp--preset--spacing--40)\">\n<div class=\"wp-block-group is-vertical is-content-justification-center is-layout-flex wp-container-core-group-is-layout-b6c1f246 wp-block-group-is-layout-flex\">\n<figure class=\"wp-block-image size-full is-resized has-custom-border\"><a href=\"https:\/\/zarandokuton.hu\/ut-igazsag-elet\/\"><img loading=\"lazy\" decoding=\"async\" width=\"920\" height=\"920\" src=\"https:\/\/zarandokuton.hu\/wp-content\/uploads\/2025\/03\/el-camino.jpeg\" alt=\"\" class=\"wp-image-74\" style=\"border-radius:10px;width:auto;height:200px\" srcset=\"https:\/\/zarandokuton.hu\/wp-content\/uploads\/2025\/03\/el-camino.jpeg 920w, https:\/\/zarandokuton.hu\/wp-content\/uploads\/2025\/03\/el-camino-300x300.jpeg 300w, https:\/\/zarandokuton.hu\/wp-content\/uploads\/2025\/03\/el-camino-150x150.jpeg 150w, https:\/\/zarandokuton.hu\/wp-content\/uploads\/2025\/03\/el-camino-768x768.jpeg 768w\" sizes=\"auto, (max-width: 920px) 100vw, 920px\" \/><\/a><\/figure>\n\n\n\n<p class=\"has-text-align-center has-large-font-size\"><a href=\"https:\/\/zarandokuton.hu\/ut-igazsag-elet\/\" data-type=\"post\" data-id=\"73\">&#8230;az \u00fat, az igazs\u00e1g \u00e9s az \u00e9let.<\/a><\/p>\n<\/div>\n\n\n\n<div class=\"wp-block-group is-vertical is-content-justification-center is-layout-flex wp-container-core-group-is-layout-b6c1f246 wp-block-group-is-layout-flex\">\n<figure class=\"wp-block-image size-full is-resized has-custom-border\"><a href=\"https:\/\/zarandokuton.hu\/szoloto\/\"><img loading=\"lazy\" decoding=\"async\" width=\"640\" height=\"407\" src=\"https:\/\/zarandokuton.hu\/wp-content\/uploads\/2025\/03\/grapes1.avif\" alt=\"\" class=\"wp-image-14\" style=\"border-radius:10px;width:314px;height:auto\" srcset=\"https:\/\/zarandokuton.hu\/wp-content\/uploads\/2025\/03\/grapes1.avif 640w, https:\/\/zarandokuton.hu\/wp-content\/uploads\/2025\/03\/grapes1-300x191.avif 300w\" sizes=\"auto, (max-width: 640px) 100vw, 640px\" \/><\/a><\/figure>\n\n\n\n<p><a href=\"https:\/\/zarandokuton.hu\/szoloto\/\" data-type=\"post\" data-id=\"1\">&#8230;az igazi sz\u0151l\u0151t\u0151.<\/a><\/p>\n<\/div>\n\n\n\n<div class=\"wp-block-group is-vertical is-content-justification-center is-layout-flex wp-container-core-group-is-layout-b6c1f246 wp-block-group-is-layout-flex\">\n<figure class=\"wp-block-image size-full is-resized has-custom-border\"><a href=\"https:\/\/zarandokuton.hu\/a-jo-pasztor\/\"><img loading=\"lazy\" decoding=\"async\" width=\"512\" height=\"512\" src=\"https:\/\/zarandokuton.hu\/wp-content\/uploads\/2025\/11\/shepherd3.jpg\" alt=\"\" class=\"wp-image-1075\" style=\"border-radius:10px;width:auto;height:200px\" srcset=\"https:\/\/zarandokuton.hu\/wp-content\/uploads\/2025\/11\/shepherd3.jpg 512w, https:\/\/zarandokuton.hu\/wp-content\/uploads\/2025\/11\/shepherd3-300x300.jpg 300w, https:\/\/zarandokuton.hu\/wp-content\/uploads\/2025\/11\/shepherd3-150x150.jpg 150w\" sizes=\"auto, (max-width: 512px) 100vw, 512px\" \/><\/a><\/figure>\n\n\n\n<p><a href=\"https:\/\/zarandokuton.hu\/a-jo-pasztor\/\" data-type=\"post\" data-id=\"563\">&#8230;a j\u00f3 P\u00e1sztor<\/a>.<\/p>\n<\/div>\n<\/div>\n\n\n\n<p><\/p>\n","protected":false},"excerpt":{"rendered":"<p>Kicsoda J\u00e9zus? \u0150 azt mondja mag\u00e1r\u00f3l: &#8230;az \u00fat, az igazs\u00e1g \u00e9s az \u00e9let. &#8230;az igazi sz\u0151l\u0151t\u0151. &#8230;a j\u00f3 P\u00e1sztor.<\/p>\n","protected":false},"author":3,"featured_media":0,"parent":0,"menu_order":0,"comment_status":"closed","ping_status":"closed","template":"","meta":{"footnotes":""},"class_list":["post-189","page","type-page","status-publish","hentry"],"_links":{"self":[{"href":"https:\/\/zarandokuton.hu\/index.php?rest_route=\/wp\/v2\/pages\/189","targetHints":{"allow":["GET"]}}],"collection":[{"href":"https:\/\/zarandokuton.hu\/index.php?rest_route=\/wp\/v2\/pages"}],"about":[{"href":"https:\/\/zarandokuton.hu\/index.php?rest_route=\/wp\/v2\/types\/page"}],"author":[{"embeddable":true,"href":"https:\/\/zarandokuton.hu\/index.php?rest_route=\/wp\/v2\/users\/3"}],"replies":[{"embeddable":true,"href":"https:\/\/zarandokuton.hu\/index.php?rest_route=%2Fwp%2Fv2%2Fcomments&post=189"}],"version-history":[{"count":1,"href":"https:\/\/zarandokuton.hu\/index.php?rest_route=\/wp\/v2\/pages\/189\/revisions"}],"predecessor-version":[{"id":1081,"href":"https:\/\/zarandokuton.hu\/index.php?rest_route=\/wp\/v2\/pages\/189\/revisions\/1081"}],"wp:attachment":[{"href":"https:\/\/zarandokuton.hu\/index.php?rest_route=%2Fwp%2Fv2%2Fmedia&parent=189"}],"curies":[{"name":"wp","href":"https:\/\/api.w.org\/{rel}","templated":true}]}}